{"id":1353,"date":"2014-11-05T14:10:52","date_gmt":"2014-11-05T13:10:52","guid":{"rendered":"http:\/\/andyparker.loopinteractive.com\/?page_id=26"},"modified":"2025-10-23T10:44:41","modified_gmt":"2025-10-23T08:44:41","slug":"contact-me-2","status":"publish","type":"page","link":"http:\/\/www.lucadurzo.it\/index.php\/contact-me-2\/","title":{"rendered":"Contatti"},"content":{"rendered":"<p><strong>La vita dell&#8217;artista \u00e8 nel suo lavoro, e questo \u00e8 il posto giusto per osservarlo.<\/strong><br \/><strong>Qualsiasi lavoro un uomo possa fare per farsi strada nel mondo, \u00e8 un lavoro dignitoso a patto che lavori\u00a0sodo e faccia del suo meglio.<\/strong><\/p>\n<p><em>Tel. <\/em><span style=\"font-size: revert; color: initial; font-family: -apple-system, BlinkMacSystemFont, 'Segoe UI', Roboto, Oxygen-Sans, Ubuntu, Cantarell, 'Helvetica Neue', sans-serif;\"><em>3493230059<\/em><\/span><span style=\"font-size: revert; color: initial; font-family: -apple-system, BlinkMacSystemFont, 'Segoe UI', Roboto, Oxygen-Sans, Ubuntu, Cantarell, 'Helvetica Neue', sans-serif;\"> \/ <\/span><em>lucadurzo@hotmail.com<\/em> \/ Genova Voltri<\/p>\n<div class=\"wp-block-contact-form-7-contact-form-selector\">\n<div class=\"wpcf7 no-js\" id=\"wpcf7-f1418-o1\" lang=\"it-IT\" dir=\"ltr\">\n<div class=\"screen-reader-response\">\n<p role=\"status\" aria-live=\"polite\" aria-atomic=\"true\">\n<ul><\/ul>\n<\/div>\n<form action=\"\/index.php\/wp-json\/wp\/v2\/pages\/1353#wpcf7-f1418-o1\" method=\"post\" class=\"wpcf7-form init\" aria-label=\"Modulo di contatto\" novalidate=\"novalidate\" data-status=\"init\">\n<div style=\"display: none;\">\n<input type=\"hidden\" name=\"_wpcf7\" value=\"1418\" \/><br \/>\n<input type=\"hidden\" name=\"_wpcf7_version\" value=\"5.7.6\" \/><br \/>\n<input type=\"hidden\" name=\"_wpcf7_locale\" value=\"it_IT\" \/><br \/>\n<input type=\"hidden\" name=\"_wpcf7_unit_tag\" value=\"wpcf7-f1418-o1\" \/><br \/>\n<input type=\"hidden\" name=\"_wpcf7_container_post\" value=\"0\" \/><br \/>\n<input type=\"hidden\" name=\"_wpcf7_posted_data_hash\" value=\"\" \/><br \/>\n<input type=\"hidden\" name=\"_wpcf7_recaptcha_response\" value=\"\" \/>\n<\/div>\n<p><label> Nome e Cognome<br \/>\n<span class=\"wpcf7-form-control-wrap\" data-name=\"nome\"><input size=\"40\" class=\"wpcf7-form-control wpcf7-text wpcf7-validates-as-required\" aria-required=\"true\" aria-invalid=\"false\" value=\"\" type=\"text\" name=\"nome\" \/><\/span> <\/label>\n<\/p>\n<p><label> email<br \/>\n<span class=\"wpcf7-form-control-wrap\" data-name=\"email\"><input size=\"40\" class=\"wpcf7-form-control wpcf7-text wpcf7-email wpcf7-validates-as-required wpcf7-validates-as-email\" aria-required=\"true\" aria-invalid=\"false\" value=\"\" type=\"email\" name=\"email\" \/><\/span> <\/label>\n<\/p>\n<p><label> telefono<br \/>\n<span class=\"wpcf7-form-control-wrap\" data-name=\"telefono\"><input size=\"40\" class=\"wpcf7-form-control wpcf7-text wpcf7-tel wpcf7-validates-as-required wpcf7-validates-as-tel\" aria-required=\"true\" aria-invalid=\"false\" value=\"\" type=\"tel\" name=\"telefono\" \/><\/span> <\/label>\n<\/p>\n<p><label> data dell&#8217;evento<br \/>\n<span class=\"wpcf7-form-control-wrap\" data-name=\"dataevento\"><input class=\"wpcf7-form-control wpcf7-date wpcf7-validates-as-required wpcf7-validates-as-date\" aria-required=\"true\" aria-invalid=\"false\" value=\"\" type=\"date\" name=\"dataevento\" \/><\/span> <\/label>\n<\/p>\n<p><label> luogo dell&#8217;evento<br \/>\n<span class=\"wpcf7-form-control-wrap\" data-name=\"Luogoevento\"><input size=\"40\" class=\"wpcf7-form-control wpcf7-text wpcf7-validates-as-required\" aria-required=\"true\" aria-invalid=\"false\" value=\"\" type=\"text\" name=\"Luogoevento\" \/><\/span> <\/label>\n<\/p>\n<p><label> Il tuo messaggio<br \/>\n<span class=\"wpcf7-form-control-wrap\" data-name=\"messaggio\"><textarea cols=\"40\" rows=\"10\" class=\"wpcf7-form-control wpcf7-textarea wpcf7-validates-as-required\" aria-required=\"true\" aria-invalid=\"false\" name=\"messaggio\"><\/textarea><\/span> <\/label>\n<\/p>\n<p><span class=\"wpcf7-form-control-wrap\" data-name=\"Verifica\"><label><span class=\"wpcf7-quiz-label\">quanto fa 3+1?<\/span> <input size=\"40\" class=\"wpcf7-form-control wpcf7-quiz\" autocomplete=\"off\" aria-required=\"true\" aria-invalid=\"false\" type=\"text\" name=\"Verifica\" \/><\/label><input type=\"hidden\" name=\"_wpcf7_quiz_answer_Verifica\" value=\"b8d9fc34e4ae88b2fc64e263137f3ceb\" \/><\/span>\n<\/p>\n<p><input class=\"wpcf7-form-control has-spinner wpcf7-submit\" type=\"submit\" value=\"Invia\" \/>\n<\/p>\n<p style=\"display: none !important;\" class=\"akismet-fields-container\" data-prefix=\"_wpcf7_ak_\"><label>&#916;<textarea name=\"_wpcf7_ak_hp_textarea\" cols=\"45\" rows=\"8\" maxlength=\"100\"><\/textarea><\/label><input type=\"hidden\" id=\"ak_js_1\" name=\"_wpcf7_ak_js\" value=\"95\"\/><script>document.getElementById( \"ak_js_1\" ).setAttribute( \"value\", ( new Date() ).getTime() );<\/script><\/p>\n<div class=\"wpcf7-response-output\" aria-hidden=\"true\"><\/div>\n<\/form>\n<\/div>\n<\/div>\n","protected":false},"excerpt":{"rendered":"<p>La vita dell&#8217;artista \u00e8 nel suo lavoro, e questo \u00e8 il posto giusto per osservarlo.Qualsiasi lavoro un uomo possa fare per farsi strada nel mondo, \u00e8 un lavoro dignitoso a patto che lavori\u00a0sodo e faccia del suo meglio. Tel. 3493230059 \/ lucadurzo@hotmail.com \/ Genova Voltri<\/p>\n","protected":false},"author":1,"featured_media":0,"parent":0,"menu_order":0,"comment_status":"open","ping_status":"closed","template":"","meta":{"footnotes":""},"class_list":["post-1353","page","type-page","status-publish","hentry"],"_links":{"self":[{"href":"http:\/\/www.lucadurzo.it\/index.php\/wp-json\/wp\/v2\/pages\/1353","targetHints":{"allow":["GET"]}}],"collection":[{"href":"http:\/\/www.lucadurzo.it\/index.php\/wp-json\/wp\/v2\/pages"}],"about":[{"href":"http:\/\/www.lucadurzo.it\/index.php\/wp-json\/wp\/v2\/types\/page"}],"author":[{"embeddable":true,"href":"http:\/\/www.lucadurzo.it\/index.php\/wp-json\/wp\/v2\/users\/1"}],"replies":[{"embeddable":true,"href":"http:\/\/www.lucadurzo.it\/index.php\/wp-json\/wp\/v2\/comments?post=1353"}],"version-history":[{"count":18,"href":"http:\/\/www.lucadurzo.it\/index.php\/wp-json\/wp\/v2\/pages\/1353\/revisions"}],"predecessor-version":[{"id":2948,"href":"http:\/\/www.lucadurzo.it\/index.php\/wp-json\/wp\/v2\/pages\/1353\/revisions\/2948"}],"wp:attachment":[{"href":"http:\/\/www.lucadurzo.it\/index.php\/wp-json\/wp\/v2\/media?parent=1353"}],"curies":[{"name":"wp","href":"https:\/\/api.w.org\/{rel}","templated":true}]}}